{"id":1853,"date":"2018-03-14T10:10:16","date_gmt":"2018-03-14T10:10:16","guid":{"rendered":"https:\/\/grigoryan.cat\/?page_id=1853"},"modified":"2018-03-14T10:10:16","modified_gmt":"2018-03-14T10:10:16","slug":"politica-de-cookies","status":"publish","type":"page","link":"https:\/\/grigoryan.cat\/en\/politica-de-cookies\/","title":{"rendered":"POL\u00cdTICA DE COOKIES"},"content":{"rendered":"<div id=\"pl-1853\"  class=\"panel-layout\" ><div id=\"pg-1853-0\"  class=\"panel-grid panel-has-style\" ><div style=\"padding: 10px 0; \" data-overlay=\"true\" data-overlay-color=\"#000000\" class=\"panel-row-style panel-row-style-for-1853-0\" ><div id=\"pgc-1853-0-0\"  class=\"panel-grid-cell panel-grid-cell-empty\" ><\/div><div id=\"pgc-1853-0-1\"  class=\"panel-grid-cell panel-grid-cell-mobile-last\" ><div id=\"panel-1853-0-1-0\" class=\"so-panel widget widget_sow-image panel-first-child\" data-index=\"0\" ><div style=\"text-align: left;\" data-title-color=\"#443f3f\" data-headings-color=\"#443f3f\" class=\"panel-widget-style panel-widget-style-for-1853-0-1-0\" ><div\n\t\t\t\n\t\t\tclass=\"so-widget-sow-image so-widget-sow-image-default-8b5b6f678277-1853\"\n\t\t\t\n\t\t>\n\n<div class=\"sow-image-container\">\n\t\t\t<a href=\"https:\/\/grigoryan.cat\/\"\n\t\t\t\t\t>\n\t\t\t<img decoding=\"async\" src=\"https:\/\/grigoryan.cat\/en\/wp-content\/uploads\/sites\/4\/2018\/03\/Assessoria-la-Selva-Gestoria-Asesoria-fiscal-contable-laboral-seguros-Lloret-de-mar-7.jpg\" width=\"2448\" height=\"510\" srcset=\"https:\/\/grigoryan.cat\/en\/wp-content\/uploads\/sites\/4\/2018\/03\/Assessoria-la-Selva-Gestoria-Asesoria-fiscal-contable-laboral-seguros-Lloret-de-mar-7.jpg 2448w, https:\/\/grigoryan.cat\/en\/wp-content\/uploads\/sites\/4\/2018\/03\/Assessoria-la-Selva-Gestoria-Asesoria-fiscal-contable-laboral-seguros-Lloret-de-mar-7-300x63.jpg 300w, https:\/\/grigoryan.cat\/en\/wp-content\/uploads\/sites\/4\/2018\/03\/Assessoria-la-Selva-Gestoria-Asesoria-fiscal-contable-laboral-seguros-Lloret-de-mar-7-1024x213.jpg 1024w, https:\/\/grigoryan.cat\/en\/wp-content\/uploads\/sites\/4\/2018\/03\/Assessoria-la-Selva-Gestoria-Asesoria-fiscal-contable-laboral-seguros-Lloret-de-mar-7-768x160.jpg 768w, https:\/\/grigoryan.cat\/en\/wp-content\/uploads\/sites\/4\/2018\/03\/Assessoria-la-Selva-Gestoria-Asesoria-fiscal-contable-laboral-seguros-Lloret-de-mar-7-1536x320.jpg 1536w, https:\/\/grigoryan.cat\/en\/wp-content\/uploads\/sites\/4\/2018\/03\/Assessoria-la-Selva-Gestoria-Asesoria-fiscal-contable-laboral-seguros-Lloret-de-mar-7-2048x427.jpg 2048w, https:\/\/grigoryan.cat\/en\/wp-content\/uploads\/sites\/4\/2018\/03\/Assessoria-la-Selva-Gestoria-Asesoria-fiscal-contable-laboral-seguros-Lloret-de-mar-7-1568x327.jpg 1568w, https:\/\/grigoryan.cat\/en\/wp-content\/uploads\/sites\/4\/2018\/03\/Assessoria-la-Selva-Gestoria-Asesoria-fiscal-contable-laboral-seguros-Lloret-de-mar-7-24x5.jpg 24w, https:\/\/grigoryan.cat\/en\/wp-content\/uploads\/sites\/4\/2018\/03\/Assessoria-la-Selva-Gestoria-Asesoria-fiscal-contable-laboral-seguros-Lloret-de-mar-7-36x8.jpg 36w, https:\/\/grigoryan.cat\/en\/wp-content\/uploads\/sites\/4\/2018\/03\/Assessoria-la-Selva-Gestoria-Asesoria-fiscal-contable-laboral-seguros-Lloret-de-mar-7-48x10.jpg 48w\" sizes=\"auto, (max-width: 2448px) 100vw, 2448px\" title=\"Assessoria la Selva politica de cookies\" alt=\"Gestoria en Lloret de mar; asesoria en Lloret de mar; gestorias en Lloret de mar; asesorias en Lloret de mar; gestories a Lloret de mar; assessories a Lloret de mar; assessoria a Lloret; asesoria la selva;  asesoria laboral en lloret de mar; seguros lloret de mar; contable; contabilidad; fiscal; fiscal Lloret de mar; correduria de seguros Lloret de mar; gestor Lloret de mar; asesor Lloret de mar; asesor\u00eda fiscal; gestor\u00eda fiscal;\" loading=\"lazy\" \t\tclass=\"so-widget-image\"\/>\n\t<\/a><\/div>\n\n<\/div><\/div><\/div><div id=\"panel-1853-0-1-1\" class=\"so-panel widget widget_sow-editor panel-last-child\" data-index=\"1\" ><div style=\"text-align: left;\" data-title-color=\"#443f3f\" data-headings-color=\"#443f3f\" class=\"panel-widget-style panel-widget-style-for-1853-0-1-1\" ><div\n\t\t\t\n\t\t\tclass=\"so-widget-sow-editor so-widget-sow-editor-base\"\n\t\t\t\n\t\t><h3 class=\"widget-title\">POL\u00cdTICA DE COOKIES<\/h3>\n<div class=\"siteorigin-widget-tinymce textwidget\">\n\t<p><strong><u>CONCEPTO DE COOKIES<\/u><\/strong><\/p>\n<p>Una cookie es un fichero que se descarga y almacenan en el terminal (ordenador\/smartphone\/tablet\/u otros dispositivos) del usuario a la hora de acceder a determinadas p\u00e1ginas web. Las cookies permiten en una p\u00e1gina web, entre otras cosas, almacenar y recuperar informaci\u00f3n sobre los h\u00e1bitos de navegaci\u00f3n de un usuario o de su equipo y, dependiendo de la informaci\u00f3n que contengan y de la forma en que se utilice su equipo, pueden utilizarse para reconocer al usuario, asimismo, las cookies permiten al Sitio Web recordar preferencias de navegaci\u00f3n y navegar de manera eficiente, haciendo que la interacci\u00f3n entre el usuario y el Sitio Web sea m\u00e1s r\u00e1pida, f\u00e1cil y c\u00f3moda.<\/p>\n<p>El navegador del usuario memoriza las cookies, ocupando un espacio de memoria m\u00ednimo y sin perjudicar al ordenador. La informaci\u00f3n recogida por las cookies es an\u00f3nima y no contiene ninguna informaci\u00f3n sensible (como el nombre, direcci\u00f3n o detalles bancarios) ya que \u00e9stas no recogen datos que puedan identificar personalmente al usuario. La mayor\u00eda de los navegadores aceptan como est\u00e1ndar a las cookies y, con independencia de las mismas, permiten o impiden a los ajustamientos de seguridad las cookies temporales o memorizadas.<\/p>\n<p>Assessoria La Selva utiliza las cookies para personalizar sus servicios y contenidos, para cuantificar la eficacia de las promociones y uso de estad\u00edsticas.<\/p>\n<p>Si el usuario quiere que Assessoria La Selva no enlace a las cookies los datos memorizados con sus datos personales proporcionados en el momento del registro, tendr\u00e1 que dejar de navegar. Si el usuario contin\u00faa navegando, se entender\u00e1 que acepta la Pol\u00edtica de Cookies.<\/p>\n<p>&nbsp;<\/p>\n<p><strong><u>PARA QU\u00c9 SE UTILIZAN LAS COOKIES<\/u><\/strong><\/p>\n<p>El Sitio Web utiliza cookies u otros dispositivos de almacenamiento y recuperaci\u00f3n de informaci\u00f3n para realizar un seguimiento de las interacciones de los usuarios con los productos y servicios ofrecidos en el Sitio Web.<\/p>\n<p>Las cookies permiten reconocer el navegador de un usuario, as\u00ed como el tipo de dispositivo desde el que se accede al Sitio Web, y se utilizan para facilitar la pr\u00f3xima visita del usuario y hacer que el Sitio Web o las aplicaciones resulten m\u00e1s \u00fatiles.<\/p>\n<p>&nbsp;<\/p>\n<p><strong><u>TIPOS DE COOKIES UTILIZADAS EN EL SITIO WEB<\/u><\/strong><\/p>\n<p>El Sitio Web utiliza los siguientes tipos de cookies:<\/p>\n<ul>\n<li><em>Cookies publicitarias:<\/em>Son aqu\u00e9llas que permiten la gesti\u00f3n, de la forma m\u00e1s eficaz posible, de los espacios publicitarios que, en su caso, el editor haya incluido en una p\u00e1gina web, aplicaci\u00f3n o plataforma desde la que presta el servicio solicitado en base a criterios como el contenido editado o la frecuencia en la que se muestran los anuncios. Permiten ofrecer publicidad af\u00edn a los intereses del Usuario.<\/li>\n<li><em>Cookies anal\u00edticas<\/em>: Cuando el usuario se introduce en el Sitio Web, a trav\u00e9s de esta herramienta se recopila informaci\u00f3n an\u00f3nima de manera est\u00e1ndar sobre la navegaci\u00f3n del usuario y sus patrones de comportamiento. La p\u00e1gina web de Assessoria la Selva, SL utiliza Google Analytics, un servicio de anal\u00edtica web desarrollada por Google, que permite la medici\u00f3n y an\u00e1lisis de la navegaci\u00f3n en las p\u00e1ginas web. En su navegador podr\u00e1 observar cookies de este servicio. Seg\u00fan la tipolog\u00eda anterior se trata de cookies propias, de sesi\u00f3n y de an\u00e1lisis.<\/li>\n<\/ul>\n<p>A trav\u00e9s de la anal\u00edtica web se obtiene informaci\u00f3n relativa al n\u00famero de usuarios que acceden a la web, el n\u00famero de p\u00e1ginas vistas, la frecuencia y repetici\u00f3n de las visitas, su duraci\u00f3n, el navegador utilizado, el operador que presta el servicio, el idioma, el terminal que utiliza y la ciudad a la que est\u00e1 asignada su direcci\u00f3n IP. Informaci\u00f3n que posibilita un mejor y m\u00e1s apropiado servicio por parte de este portal.<\/p>\n<p>Para garantizar el anonimato, Google convertir\u00e1 su informaci\u00f3n en an\u00f3nima truncando la direcci\u00f3n IP antes de almacenarla, de forma que Google Analytics no se usa para localizar o recabar informaci\u00f3n personal identificable de los visitantes del sitio. Google solo podr\u00e1 enviar la informaci\u00f3n recabada por Google Analytics a terceros cuanto est\u00e9 legalmente obligado a ello. Con arreglo a las condiciones de prestaci\u00f3n del servicio de Google Analytics, Google no asociar\u00e1 su direcci\u00f3n IP a ning\u00fan otro dato conservado por Google.<\/p>\n<p>Otra de las cookies que se descargan es una cookie de tipo t\u00e9cnico denominada JSESSIONID. Esta cookie permite almacenar un identificador \u00fanico por sesi\u00f3n a trav\u00e9s del que es posible vincular datos necesarios para posibilitar la navegaci\u00f3n en curso.<\/p>\n<p>&nbsp;<\/p>\n<p><strong><u>C\u00d3MO DESACTIVAR LAS COOKIES:<\/u><\/strong><\/p>\n<p>Todos los navegadores permiten hacer cambios para desactivar la configuraci\u00f3n de las cookies. Este es el motivo por el que la mayor\u00eda de navegadores ofrecen la posibilidad de administrar las cookies, para obtener un control m\u00e1s preciso sobre la privacidad.<\/p>\n<p>Estos ajustes se encuentran ubicados en las \"opciones\" o \"preferencias\" del men\u00fa de su navegador.<\/p>\n<p>A continuaci\u00f3n podr\u00e1 encontrar los links de cada navegador para deshabilitar las cookies siguiendo las instrucciones:<\/p>\n<p><strong>Internet Explorer<\/strong><\/p>\n<ul>\n<li>En el men\u00fa de herramientas, seleccione \u201cOpciones de Internet\u201d.<\/li>\n<li>Haga clic en la pesta\u00f1a de privacidad.<\/li>\n<li>Podr\u00e1 configurar la privacidad con un cursor con seis posiciones que le permite controlar la cantidad de cookies que se instalar\u00e1n: Bloquear todas las cookies, Alta, Media Alto, Media (nivel por defecto), Baja, y Aceptar todas las cookies.<\/li>\n<\/ul>\n<p><strong>Mozilla Firefox<\/strong><\/p>\n<ul>\n<li>En la parte superior de la ventana de Firefox hacer clic en el men\u00fa Herramientas.<\/li>\n<li>Seleccionar Opciones.<\/li>\n<li>Seleccionar el panel Privacidad.<\/li>\n<li>En la opci\u00f3n Firefox podr\u00e1 elegir Usar una configuraci\u00f3n personalizada para el historial para configurar las opciones.<\/li>\n<\/ul>\n<p><strong>Google Chrome<\/strong><\/p>\n<ul>\n<li>Hacer clic en el men\u00fa situado en la barra de herramientas.<\/li>\n<li>Seleccionar Configuraci\u00f3n.<\/li>\n<li>Hacer clic en Mostar opciones avanzadas.<\/li>\n<li>En la secci\u00f3n 'Privacidad' hacer clic en el bot\u00f3n Configuraci\u00f3n de contenido.<\/li>\n<li>En la secci\u00f3n de 'Cookies' se pueden configurar las opciones.<\/li>\n<\/ul>\n<p><strong>Safari<\/strong><\/p>\n<ul>\n<li>En el men\u00fa de configuraci\u00f3n, seleccione la opci\u00f3n de \u201cpreferencias\u201d.<\/li>\n<li>Abra la pesta\u00f1a de privacidad.<\/li>\n<li>Seleccione la opci\u00f3n que quiera de la secci\u00f3n de \u201cbloquear cookies\u201d.<\/li>\n<li>Recuerde que ciertas funciones y la plena funcionalidad del Sitio pueden no estar disponibles despu\u00e9s de deshabilitar los cookies.<\/li>\n<\/ul>\n<p>Si desea no ser rastreado por las cookies, Google ha desarrollado un complemento para instalar en su navegador al que puede acceder en el siguiente enlace:\u00a0<a href=\"http:\/\/goo.gl\/up4ND\">http:\/\/goo.gl\/up4ND<\/a>.<\/p>\n<p><strong><u>Desactivar cookies en los dispositivos m\u00f3viles<\/u><\/strong><\/p>\n<p>El Sitio Web tambi\u00e9n usa cookies u otros dispositivos de almacenamiento en dispositivos m\u00f3viles.<\/p>\n<p>Al igual que sucede en los navegadores de ordenadores, lo navegadores de los dispositivos m\u00f3viles permiten realizar cambios en las opciones o ajustes de privacidad para desactivar o eliminar las cookies.<\/p>\n<p>Si desea modificar las opciones de privacidad siga las instrucciones especificadas por el desarrollador de su navegador para dispositivo m\u00f3vil.<\/p>\n<p>A continuaci\u00f3n podr\u00e1 encontrar algunos ejemplos de los links que le guiar\u00e1n para modificar las opciones de privacidad en su dispositivo m\u00f3vil:<\/p>\n<p><strong>IOS<\/strong>: (<a href=\"http:\/\/goo.gl\/61xevS\">http:\/\/goo.gl\/61xevS<\/a>)<\/p>\n<p><strong>Windows Phone<\/strong>: (<a href=\"http:\/\/goo.gl\/Rx8QQ\">http:\/\/goo.gl\/Rx8QQ<\/a>)<\/p>\n<p><strong>Chrome Mobile<\/strong>: (<a href=\"http:\/\/goo.gl\/XJp7N\">http:\/\/goo.gl\/XJp7N<\/a>)<\/p>\n<p><strong>Opera Mobile:<\/strong>\u00a0(<a href=\"http:\/\/goo.gl\/Nzr8s7\">http:\/\/goo.gl\/Nzr8s7<\/a>)<\/p>\n<p>&nbsp;<\/p>\n<p><strong><u>ACEPTACI\u00d3N DE COOKIES<\/u><\/strong><\/p>\n<p>Si usted contin\u00faa su navegaci\u00f3n, entenderemos que acepta la utilizaci\u00f3n de las cookies por parte del Sitio Web.<\/p>\n<p>Le informamos que en el caso de bloquear o no aceptar la instalaci\u00f3n de cookies, es posible que ciertos servicios no est\u00e9n disponibles sin la utilizaci\u00f3n de \u00e9stas o que no pueda acceder a determinados servicios ni tampoco aprovechar por completo todo lo que este Sitio Web le ofrece.<\/p>\n<\/div>\n<\/div><\/div><\/div><\/div><div id=\"pgc-1853-0-2\"  class=\"panel-grid-cell panel-grid-cell-empty\" ><\/div><\/div><\/div><\/div>","protected":false},"excerpt":{"rendered":"<p>CONCEPTO DE COOKIES Una cookie es un fichero que se descarga y almacenan en el terminal (ordenador\/smartphone\/tablet\/u otros dispositivos) del usuario a [&hellip;]<\/p>\n","protected":false},"author":1,"featured_media":0,"parent":0,"menu_order":0,"comment_status":"closed","ping_status":"closed","template":"page-templates\/page_front-page.php","meta":{"footnotes":""},"class_list":["post-1853","page","type-page","status-publish","hentry"],"yoast_head":"<!-- This site is optimized with the Yoast SEO plugin v21.0 - https:\/\/yoast.com\/wordpress\/plugins\/seo\/ -->\n<title>POL\u00cdTICA DE COOKIES - R. GRIGORYAN<\/title>\n<meta name=\"robots\" content=\"index, follow, max-snippet:-1, max-image-preview:large, max-video-preview:-1\" \/>\n<link rel=\"canonical\" href=\"https:\/\/grigoryan.cat\/en\/politica-de-cookies\/\" \/>\n<meta property=\"og:locale\" content=\"en_US\" \/>\n<meta property=\"og:type\" content=\"article\" \/>\n<meta property=\"og:title\" content=\"POL\u00cdTICA DE COOKIES - R. GRIGORYAN\" \/>\n<meta property=\"og:description\" content=\"CONCEPTO DE COOKIES Una cookie es un fichero que se descarga y almacenan en el terminal (ordenador\/smartphone\/tablet\/u otros dispositivos) del usuario a [&hellip;]\" \/>\n<meta property=\"og:url\" content=\"https:\/\/grigoryan.cat\/en\/politica-de-cookies\/\" \/>\n<meta property=\"og:site_name\" content=\"R. GRIGORYAN\" \/>\n<meta name=\"twitter:card\" content=\"summary_large_image\" \/>\n<meta name=\"twitter:label1\" content=\"Est. reading time\" \/>\n\t<meta name=\"twitter:data1\" content=\"7 minutes\" \/>\n<script type=\"application\/ld+json\" class=\"yoast-schema-graph\">{\"@context\":\"https:\/\/schema.org\",\"@graph\":[{\"@type\":\"WebPage\",\"@id\":\"https:\/\/grigoryan.cat\/en\/politica-de-cookies\/\",\"url\":\"https:\/\/grigoryan.cat\/en\/politica-de-cookies\/\",\"name\":\"POL\u00cdTICA DE COOKIES - R. GRIGORYAN\",\"isPartOf\":{\"@id\":\"https:\/\/grigoryan.cat\/en\/#website\"},\"datePublished\":\"2018-03-14T10:10:16+00:00\",\"dateModified\":\"2018-03-14T10:10:16+00:00\",\"breadcrumb\":{\"@id\":\"https:\/\/grigoryan.cat\/en\/politica-de-cookies\/#breadcrumb\"},\"inLanguage\":\"en-US\",\"potentialAction\":[{\"@type\":\"ReadAction\",\"target\":[\"https:\/\/grigoryan.cat\/en\/politica-de-cookies\/\"]}]},{\"@type\":\"BreadcrumbList\",\"@id\":\"https:\/\/grigoryan.cat\/en\/politica-de-cookies\/#breadcrumb\",\"itemListElement\":[{\"@type\":\"ListItem\",\"position\":1,\"name\":\"Inici\",\"item\":\"https:\/\/grigoryan.cat\/en\/\"},{\"@type\":\"ListItem\",\"position\":2,\"name\":\"POL\u00cdTICA DE COOKIES\"}]},{\"@type\":\"WebSite\",\"@id\":\"https:\/\/grigoryan.cat\/en\/#website\",\"url\":\"https:\/\/grigoryan.cat\/en\/\",\"name\":\"R. GRIGORYAN\",\"description\":\"Consulting, Tax, Labour, Accounting, Commercial and Insurance\",\"potentialAction\":[{\"@type\":\"SearchAction\",\"target\":{\"@type\":\"EntryPoint\",\"urlTemplate\":\"https:\/\/grigoryan.cat\/en\/?s={search_term_string}\"},\"query-input\":\"required name=search_term_string\"}],\"inLanguage\":\"en-US\"}]}<\/script>\n<!-- \/ Yoast SEO plugin. -->","yoast_head_json":{"title":"POL\u00cdTICA DE COOKIES - R. GRIGORYAN","robots":{"index":"index","follow":"follow","max-snippet":"max-snippet:-1","max-image-preview":"max-image-preview:large","max-video-preview":"max-video-preview:-1"},"canonical":"https:\/\/grigoryan.cat\/en\/politica-de-cookies\/","og_locale":"en_US","og_type":"article","og_title":"POL\u00cdTICA DE COOKIES - R. GRIGORYAN","og_description":"CONCEPTO DE COOKIES Una cookie es un fichero que se descarga y almacenan en el terminal (ordenador\/smartphone\/tablet\/u otros dispositivos) del usuario a [&hellip;]","og_url":"https:\/\/grigoryan.cat\/en\/politica-de-cookies\/","og_site_name":"R. GRIGORYAN","twitter_card":"summary_large_image","twitter_misc":{"Est. reading time":"7 minutes"},"schema":{"@context":"https:\/\/schema.org","@graph":[{"@type":"WebPage","@id":"https:\/\/grigoryan.cat\/en\/politica-de-cookies\/","url":"https:\/\/grigoryan.cat\/en\/politica-de-cookies\/","name":"POL\u00cdTICA DE COOKIES - R. GRIGORYAN","isPartOf":{"@id":"https:\/\/grigoryan.cat\/en\/#website"},"datePublished":"2018-03-14T10:10:16+00:00","dateModified":"2018-03-14T10:10:16+00:00","breadcrumb":{"@id":"https:\/\/grigoryan.cat\/en\/politica-de-cookies\/#breadcrumb"},"inLanguage":"en-US","potentialAction":[{"@type":"ReadAction","target":["https:\/\/grigoryan.cat\/en\/politica-de-cookies\/"]}]},{"@type":"BreadcrumbList","@id":"https:\/\/grigoryan.cat\/en\/politica-de-cookies\/#breadcrumb","itemListElement":[{"@type":"ListItem","position":1,"name":"Inici","item":"https:\/\/grigoryan.cat\/en\/"},{"@type":"ListItem","position":2,"name":"POL\u00cdTICA DE COOKIES"}]},{"@type":"WebSite","@id":"https:\/\/grigoryan.cat\/en\/#website","url":"https:\/\/grigoryan.cat\/en\/","name":"R. GRIGORYAN","description":"Consulting, Tax, Labour, Accounting, Commercial and Insurance","potentialAction":[{"@type":"SearchAction","target":{"@type":"EntryPoint","urlTemplate":"https:\/\/grigoryan.cat\/en\/?s={search_term_string}"},"query-input":"required name=search_term_string"}],"inLanguage":"en-US"}]}},"_links":{"self":[{"href":"https:\/\/grigoryan.cat\/en\/wp-json\/wp\/v2\/pages\/1853","targetHints":{"allow":["GET"]}}],"collection":[{"href":"https:\/\/grigoryan.cat\/en\/wp-json\/wp\/v2\/pages"}],"about":[{"href":"https:\/\/grigoryan.cat\/en\/wp-json\/wp\/v2\/types\/page"}],"author":[{"embeddable":true,"href":"https:\/\/grigoryan.cat\/en\/wp-json\/wp\/v2\/users\/1"}],"replies":[{"embeddable":true,"href":"https:\/\/grigoryan.cat\/en\/wp-json\/wp\/v2\/comments?post=1853"}],"version-history":[{"count":0,"href":"https:\/\/grigoryan.cat\/en\/wp-json\/wp\/v2\/pages\/1853\/revisions"}],"wp:attachment":[{"href":"https:\/\/grigoryan.cat\/en\/wp-json\/wp\/v2\/media?parent=1853"}],"curies":[{"name":"wp","href":"https:\/\/api.w.org\/{rel}","templated":true}]}}