{"id":1833,"date":"2018-03-13T17:58:37","date_gmt":"2018-03-13T17:58:37","guid":{"rendered":"https:\/\/grigoryan.cat\/?page_id=1833"},"modified":"2018-03-13T17:58:37","modified_gmt":"2018-03-13T17:58:37","slug":"avis-legal","status":"publish","type":"page","link":"https:\/\/grigoryan.cat\/es\/avis-legal\/","title":{"rendered":"AV\u00cdS LEGAL"},"content":{"rendered":"<div id=\"pl-1833\"  class=\"panel-layout\" ><div id=\"pg-1833-0\"  class=\"panel-grid panel-has-style\" ><div style=\"padding: 10px 0; \" data-overlay=\"true\" data-overlay-color=\"#000000\" class=\"panel-row-style panel-row-style-for-1833-0\" ><div id=\"pgc-1833-0-0\"  class=\"panel-grid-cell panel-grid-cell-empty\" ><\/div><div id=\"pgc-1833-0-1\"  class=\"panel-grid-cell panel-grid-cell-mobile-last\" ><div id=\"panel-1833-0-1-0\" class=\"so-panel widget widget_sow-image panel-first-child\" data-index=\"0\" ><div style=\"text-align: left;\" data-title-color=\"#443f3f\" data-headings-color=\"#443f3f\" class=\"panel-widget-style panel-widget-style-for-1833-0-1-0\" ><div\n\t\t\t\n\t\t\tclass=\"so-widget-sow-image so-widget-sow-image-default-8b5b6f678277-1833\"\n\t\t\t\n\t\t>\n\n<div class=\"sow-image-container\">\n\t\t\t<a href=\"https:\/\/grigoryan.cat\/\"\n\t\t\t\t\t>\n\t\t\t<img decoding=\"async\" src=\"https:\/\/grigoryan.cat\/es\/wp-content\/uploads\/sites\/3\/2018\/03\/Assessoria-la-Selva-Gestoria-Asesoria-fiscal-contable-laboral-seguros-Lloret-de-mar-7.jpg\" width=\"2448\" height=\"510\" srcset=\"https:\/\/grigoryan.cat\/es\/wp-content\/uploads\/sites\/3\/2018\/03\/Assessoria-la-Selva-Gestoria-Asesoria-fiscal-contable-laboral-seguros-Lloret-de-mar-7.jpg 2448w, https:\/\/grigoryan.cat\/es\/wp-content\/uploads\/sites\/3\/2018\/03\/Assessoria-la-Selva-Gestoria-Asesoria-fiscal-contable-laboral-seguros-Lloret-de-mar-7-300x63.jpg 300w, https:\/\/grigoryan.cat\/es\/wp-content\/uploads\/sites\/3\/2018\/03\/Assessoria-la-Selva-Gestoria-Asesoria-fiscal-contable-laboral-seguros-Lloret-de-mar-7-768x160.jpg 768w, https:\/\/grigoryan.cat\/es\/wp-content\/uploads\/sites\/3\/2018\/03\/Assessoria-la-Selva-Gestoria-Asesoria-fiscal-contable-laboral-seguros-Lloret-de-mar-7-1024x213.jpg 1024w, https:\/\/grigoryan.cat\/es\/wp-content\/uploads\/sites\/3\/2018\/03\/Assessoria-la-Selva-Gestoria-Asesoria-fiscal-contable-laboral-seguros-Lloret-de-mar-7-1568x327.jpg 1568w, https:\/\/grigoryan.cat\/es\/wp-content\/uploads\/sites\/3\/2018\/03\/Assessoria-la-Selva-Gestoria-Asesoria-fiscal-contable-laboral-seguros-Lloret-de-mar-7-24x5.jpg 24w, https:\/\/grigoryan.cat\/es\/wp-content\/uploads\/sites\/3\/2018\/03\/Assessoria-la-Selva-Gestoria-Asesoria-fiscal-contable-laboral-seguros-Lloret-de-mar-7-36x8.jpg 36w, https:\/\/grigoryan.cat\/es\/wp-content\/uploads\/sites\/3\/2018\/03\/Assessoria-la-Selva-Gestoria-Asesoria-fiscal-contable-laboral-seguros-Lloret-de-mar-7-48x10.jpg 48w\" sizes=\"auto, (max-width: 2448px) 100vw, 2448px\" title=\"Assessoria la Selva CIF Telefono Direcci\u00f3n\" alt=\"Gestoria en Lloret de mar; asesoria en Lloret de mar; gestorias en Lloret de mar; asesorias en Lloret de mar; gestories a Lloret de mar; assessories a Lloret de mar; assessoria a Lloret; asesoria la selva;  asesoria laboral en lloret de mar; seguros lloret de mar; contable; contabilidad; fiscal; fiscal Lloret de mar; correduria de seguros Lloret de mar; gestor Lloret de mar; asesor Lloret de mar; asesor\u00eda fiscal; gestor\u00eda fiscal;\" loading=\"lazy\" \t\tclass=\"so-widget-image\"\/>\n\t<\/a><\/div>\n\n<\/div><\/div><\/div><div id=\"panel-1833-0-1-1\" class=\"so-panel widget widget_sow-editor panel-last-child\" data-index=\"1\" ><div style=\"text-align: left;\" data-title-color=\"#443f3f\" data-headings-color=\"#443f3f\" class=\"panel-widget-style panel-widget-style-for-1833-0-1-1\" ><div\n\t\t\t\n\t\t\tclass=\"so-widget-sow-editor so-widget-sow-editor-base\"\n\t\t\t\n\t\t><h3 class=\"widget-title\">AVISO LEGAL<\/h3>\n<div class=\"siteorigin-widget-tinymce textwidget\">\n\t<p><strong><u>DATOS IDENTIFICATIVOS<\/u><\/strong><\/p>\n<p>ASSESSORIA LA SELVA, SL con CIF B17476730 con domicilio social en Av. Just Marl\u00e9s Vilarrodona, 52 entl 7 17310 Lloret de Mar, Girona, inscrita en el Registro Mercantil de Girona, tomo 938, Folio 40, GI-17526, Tel\u00e9fono 972-36-92-11 FAX 972-37-23-69 y direcci\u00f3n de correo electr\u00f3nico: <a href=\"mailto:info@grigoryan.cat\">info@grigoryan.cat<\/a>, siendo esta como la titular y propietaria del Dominio (www.) grigoryan.cat y del sitio web <a href=\"https:\/\/grigoryan.cat\">https:\/\/grigoryan.cat<\/a>.<\/p>\n<p>&nbsp;<\/p>\n<p><strong><u>CONDICIONES DE ACCESO Y USO DEL SITIO WEB<\/u><\/strong><\/p>\n<p>El acceso y\/o uso de este portal de ASSESSORIA LA SELVA, SL atribuye la condici\u00f3n de USUARIO, desde dicho acceso y\/o uso, el usuario da la aceptaci\u00f3n plena de todas las disposiciones y las Condiciones Generales de uso aqu\u00ed reflejadas. Las citadas Condiciones ser\u00e1n de aplicaci\u00f3n independientemente de las Condiciones Generales de Contrataci\u00f3n que en su caso resulten de obligado cumplimiento.<\/p>\n<p>Los contenidos del portal, en especial las referencias informativas y publicitarias, salvo que expresamente se indique lo contrario, no constituyen oferta vinculante.<\/p>\n<p>HTTPS:\/\/ASSESSORIALASELVA.COM proporciona el acceso a multitud de informaciones, servicios, programas o datos (en adelante, \u201clos contenidos\u201d) en Internet pertenecientes a ASSESSORIA LA SELVA, SL.<\/p>\n<p>El USUARIO asume la responsabilidad del uso del portal. Dicha responsabilidad se extiende al registro que fuese necesario para acceder a determinados servicios o contenidos.<br \/>\nEn dicho registro el USUARIO ser\u00e1 responsable de aportar informaci\u00f3n veraz y l\u00edcita. Como consecuencia de este registro, al USUARIO se le puede proporcionar una contrase\u00f1a de la que ser\u00e1 responsable, comprometi\u00e9ndose a hacer un uso diligente y confidencial de la misma. El USUARIO se compromete a hacer un uso adecuado de los contenidos y servicios (como por ejemplo servicios de chat, foros de discusi\u00f3n o grupos de noticias) que Nombre de la empresa creadora del sitio web ofrece a trav\u00e9s de su portal y con car\u00e1cter enunciativo pero no limitativo, a no emplearlos para:<\/p>\n<ul>\n<li>Incurrir en actividades il\u00edcitas, ilegales o contrarias a la buena fe y al orden p\u00fablico.<\/li>\n<li>Difundir contenidos o propaganda de car\u00e1cter racista, xen\u00f3fobo, pornogr\u00e1fico-ilegal, de apolog\u00eda del terrorismo o atentatorio contra los derechos humanos.<\/li>\n<li>Provocar da\u00f1os en los sistemas f\u00edsicos y l\u00f3gicos de Nombre de la empresa creadora del sitio web, de sus proveedores o de terceras personas, introducir o difundir en la red virus inform\u00e1ticos o cualesquiera otros sistemas f\u00edsicos o l\u00f3gicos que sean susceptibles de provocar los da\u00f1os anteriormente mencionados.<\/li>\n<li>Intentar acceder y, en su caso, utilizar las cuentas de correo electr\u00f3nico de otros usuarios y modificar o manipular sus mensajes.<\/li>\n<\/ul>\n<p>ASSESSORIA LA SELVA, SL se reserva el derecho de retirar todos aquellos comentarios y aportaciones que vulneren el respeto a la dignidad de la persona, que sean discriminatorios, xen\u00f3fobos, racistas, pornogr\u00e1ficos, que atenten contra la juventud o la infancia, el orden o la seguridad p\u00fablica o que, a su juicio, no resultaran adecuados para su publicaci\u00f3n. En cualquier caso, ASSESSORIA LA SELVA, SL no ser\u00e1 responsable de las opiniones vertidas por los usuarios a trav\u00e9s de los foros, chats, u otras herramientas de participaci\u00f3n.<\/p>\n<p>La informaci\u00f3n facilitada a trav\u00e9s del portal, debe considerarse por el usuario a modo de introducci\u00f3n sin que pueda estimarse como elemento determinante para la toma de decisiones, declinando ASSESSORIA LA SELVA, SL de toda responsabilidad por el uso que pueda verificarse de la misma.<\/p>\n<p>ASSESSORIA LA SELVA, SL no garantiza la inexistencia de interrupciones o errores en el acceso a su web ni en sus diferentes contenidos. Tampoco garantiza que \u00e9ste se encuentre siempre y en todos los casos actualizados, aunque desarrollar\u00e1 sus mejores esfuerzos para, en su caso, evitarlos, subsanarlos o actualizar dicho contenido lo antes posible.<\/p>\n<p>ASSESSORIA LA SELVA, SL no asume ning\u00fan tipo de responsabilidad por cualquiera de las informaciones contenidas en otras webs a las que la web pueda remitir a trav\u00e9s de enlaces hipertextuales o \"links\".<\/p>\n<p>ASSESSORIA LA SELVA, SL no se hace responsable, en ning\u00fan caso, de los da\u00f1os y perjuicios de cualquier naturaleza que pudieran ocasionar, a t\u00edtulo enunciativo: errores u omisiones en los contenidos, falta de disponibilidad del portal o la transmisi\u00f3n de virus o programas maliciosos o lesivos en los contenidos, a pesar de haber adoptado todas las medidas tecnol\u00f3gicas necesarias para evitarlo.<\/p>\n<p>&nbsp;<\/p>\n<p><strong><u>PROPIEDAD INTELECTUAL E INDUSTRIAL<\/u><\/strong><\/p>\n<p>ASSESSORIA LA SELVA, SL es titular de todos los derechos de propiedad intelectual e industrial de su p\u00e1gina web, as\u00ed como de los elementos contenidos en la misma (a t\u00edtulo enunciativo, im\u00e1genes, sonido, audio, v\u00eddeo, software o textos; marcas o logotipos, combinaciones de colores, estructura y dise\u00f1o, selecci\u00f3n de materiales usados, programas de ordenador necesarios para su funcionamiento, acceso y uso, etc.), titularidad de ASSESSORIA LA SELVA, SL.<\/p>\n<p>Todos los derechos reservados a favor de ASSESSORIA LA SELVA, quedan expresamente prohibidas la reproducci\u00f3n, la distribuci\u00f3n y la comunicaci\u00f3n p\u00fablica, incluida su modalidad de puesta a disposici\u00f3n, de la totalidad o parte de los contenidos de esta p\u00e1gina web, con fines comerciales, en cualquier soporte y por cualquier medio t\u00e9cnico, sin la autorizaci\u00f3n de ASSESSORIA LA SELVA, SL. El USUARIO se compromete a respetar los derechos de Propiedad Intelectual e Industrial titularidad de ASSESSORIA LA SELVA, SL. Podr\u00e1 visualizar los elementos del portal e incluso imprimirlos, copiarlos y almacenarlos en el disco duro de su ordenador o en cualquier otro soporte f\u00edsico siempre y cuando:<\/p>\n<ul>\n<li>Que se realice cuando los elementos reproducidos sean destinados \u00fanicamente para uso personal y privado del usuario. Se proh\u00edbe, por tanto, expresamente su utilizaci\u00f3n con fines comerciales o para su distribuci\u00f3n, comunicaci\u00f3n p\u00fablica, transformaci\u00f3n o descompilaci\u00f3n, incluyendo su env\u00edo a trav\u00e9s de correo electr\u00f3nico. Tambi\u00e9n se proh\u00edbe que dichos contenidos sean cedidos o transmitidos a terceros o se instalen en cualquier servidor conectado directa o indirectamente a una red local e Internet, de forma que un grupo de terceros pueda tener acceso a dicha informaci\u00f3n.<\/li>\n<li>Que ninguno de los contenidos relacionados en esta web sean modificados de manera alguna.<\/li>\n<li>Que ning\u00fan gr\u00e1fico, icono o imagen disponible en esta web sea utilizado, copiado o distribuido separadamente del texto o resto de im\u00e1genes que lo acompa\u00f1an. Cualquier infracci\u00f3n de las prohibiciones y limitaciones contenidas en este apartado -as\u00ed como en cualquiera de los siguientes- se reputar\u00e1 infracci\u00f3n de los derechos de propiedad intelectual titularidad de ASSESSORIA LA SELVA, SL y dar\u00e1 lugar a las responsabilidades legalmente establecidas al efecto, pudiendo ser perseguida por esta \u00faltima mediante el ejercicio de las acciones administrativas, civiles o penales que, en su caso, correspondan.<\/li>\n<\/ul>\n<p>&nbsp;<\/p>\n<p><strong><u>MODIFICACIONES<\/u><\/strong><\/p>\n<p>ASSESSORIA LA SELVA, SL se reserva el derecho de efectuar sin previo aviso las modificaciones que considere oportunas en su portal, pudiendo cambiar, suprimir o a\u00f1adir tanto los contenidos y servicios que se presten a trav\u00e9s de la misma como la forma en la que \u00e9stos aparezcan presentados o localizados en su portal.<\/p>\n<p>&nbsp;<\/p>\n<p><strong><u>ENLACES<\/u><\/strong><\/p>\n<p>En el caso de que en HTTPS:\/\/ASSESSORIALASELVA.COM se dispusiesen enlaces o hiperv\u00ednculos hac\u00eda otros sitios de Internet, ASSESSORIA LA SELVA, SL no ejercer\u00e1 ning\u00fan tipo de control sobre dichos sitios y contenidos. En ning\u00fan caso ASSESSORIA LA SELVA, SL asumir\u00e1 responsabilidad alguna por los contenidos de alg\u00fan enlace perteneciente a un sitio web ajeno, ni garantizar\u00e1 la disponibilidad t\u00e9cnica, calidad, fiabilidad, exactitud, amplitud, veracidad, validez y constitucionalidad de cualquier material o informaci\u00f3n contenida en ninguno de dichos hiperv\u00ednculos u otros sitios de Internet.<\/p>\n<p>Igualmente la inclusi\u00f3n de estas conexiones externas no implicar\u00e1 ning\u00fan tipo de asociaci\u00f3n, fusi\u00f3n o participaci\u00f3n con las entidades conectadas.<\/p>\n<p>ASSESSORIA LA SELVA, SL no se hace responsable de los sitios web no propios a los que se pueda acceder mediante enlaces o v\u00ednculos, o de cualquier contenido puesto a disposici\u00f3n por terceros.<\/p>\n<p>ASSESSORIA LA SELVA, SL no asume responsabilidad alguna derivada de la concesi\u00f3n o contenidos de los enlaces de terceros a los que se hace referencia en la web de grigoryan.cat, ni garantiza la ausencia de virus u otros elementos en los mismos que puedan producir alteraciones en el sistema inform\u00e1tico (hardware y software), los documentos o los ficheros del usuario, excluyendo cualquier responsabilidad por los da\u00f1os de cualquier clase causados al usuario por este motivo, tanto el acceso a este web como el uso que pueda hacerse de la informaci\u00f3n contenida en el mismo es de la exclusiva responsabilidad de quien lo realiza.\u00a0ASSESSORIA LA SELVA, SL no responder\u00e1 de ninguna consecuencia, da\u00f1o o perjuicio que pudieran derivarse de dicho acceso o uso de la informaci\u00f3n.\u00a0ASSESSORIA LA SELVA, SL no se hace responsable de los posibles errores de seguridad que se puedan producir ni de los posibles da\u00f1os que puedan causarse al sistema inform\u00e1tico del usuario (hardware y software) as\u00ed como de los ficheros o documentos almacenados en el mismo, como consecuencia de la presencia de virus en el ordenador del usuario utilizado para la conexi\u00f3n a los servicios y contenidos de la web, de un mal funcionamiento del navegador o del uso de versiones no actualizadas del mismo.<\/p>\n<p>&nbsp;<\/p>\n<p><strong><u>DERECHO DE EXCLUSI\u00d3N<\/u><\/strong><\/p>\n<p>ASSESSORIA LA SELVA, SL se reserva el derecho a denegar o retirar el acceso a portal y\/o los servicios ofrecidos sin necesidad de preaviso, a instancia propia o de un tercero, a aquellos usuarios que incumplan las presentes Condiciones Generales de Uso.<\/p>\n<p>&nbsp;<\/p>\n<p><strong><u>GENERALIDADES<\/u><\/strong><\/p>\n<p>ASSESSORIA LA SELVA, SL perseguir\u00e1 el incumplimiento de las presentes condiciones as\u00ed como cualquier utilizaci\u00f3n indebida de su portal ejerciendo todas las acciones civiles y penales que le puedan corresponder en derecho.<\/p>\n<p>&nbsp;<\/p>\n<p><strong><u>MODIFICACI\u00d3N DE LAS PRESENTES CONDICIONES Y DURACI\u00d3N<\/u><\/strong><\/p>\n<p>ASSESSORIA LA SELVA, SL podr\u00e1 modificar en cualquier momento las condiciones aqu\u00ed determinadas, siendo debidamente publicadas como aqu\u00ed aparecen. La vigencia de las citadas condiciones ir\u00e1 en funci\u00f3n de su exposici\u00f3n y estar\u00e1n vigentes hasta que sean modificadas por otras.<\/p>\n<p>&nbsp;<\/p>\n<\/div>\n<\/div><\/div><\/div><\/div><div id=\"pgc-1833-0-2\"  class=\"panel-grid-cell panel-grid-cell-empty\" ><\/div><\/div><\/div><\/div>","protected":false},"excerpt":{"rendered":"<p>DATOS IDENTIFICATIVOS ASSESSORIA LA SELVA, SL con CIF B17476730 con domicilio social en Av. Just Marl\u00e9s Vilarrodona, 52 entl 7 17310 Lloret [&hellip;]<\/p>\n","protected":false},"author":1,"featured_media":0,"parent":0,"menu_order":0,"comment_status":"closed","ping_status":"closed","template":"page-templates\/page_front-page.php","meta":{"footnotes":""},"class_list":["post-1833","page","type-page","status-publish","hentry"],"yoast_head":"<!-- This site is optimized with the Yoast SEO plugin v21.0 - https:\/\/yoast.com\/wordpress\/plugins\/seo\/ -->\n<title>AV\u00cdS LEGAL - R.GRIGORYAN<\/title>\n<meta name=\"description\" content=\"Consultor\u00eda, Fiscal, Laboral, Contable, Mercantil y Seguros. Assessoria la Selva posa a la seva disposici\u00f3 un servei integral d\u2019assessorament, amb la garantia que la seva empresa es trobar\u00e0 protegida en qualsevol \u00e0mbit tributari, fiscal, comptable, laboral, etc. Ens caracteritzem per oferir una atenci\u00f3 personalitzada i adaptada a les noves tecnologies, oferint un servei individualitzat, exemplar a m\u00e9s a m\u00e9s de l&#039;experi\u00e8ncia, el coneixement del negoci i la formaci\u00f3 cont\u00ednua. El conjunt d\u2019aquets factors ens permeten proporcionar un servei global immillorable.\" \/>\n<meta name=\"robots\" content=\"index, follow, max-snippet:-1, max-image-preview:large, max-video-preview:-1\" \/>\n<link rel=\"canonical\" href=\"https:\/\/grigoryan.cat\/es\/avis-legal\/\" \/>\n<meta property=\"og:locale\" content=\"es_ES\" \/>\n<meta property=\"og:type\" content=\"article\" \/>\n<meta property=\"og:title\" content=\"AV\u00cdS LEGAL - R.GRIGORYAN\" \/>\n<meta property=\"og:description\" content=\"Consultor\u00eda, Fiscal, Laboral, Contable, Mercantil y Seguros. Assessoria la Selva posa a la seva disposici\u00f3 un servei integral d\u2019assessorament, amb la garantia que la seva empresa es trobar\u00e0 protegida en qualsevol \u00e0mbit tributari, fiscal, comptable, laboral, etc. Ens caracteritzem per oferir una atenci\u00f3 personalitzada i adaptada a les noves tecnologies, oferint un servei individualitzat, exemplar a m\u00e9s a m\u00e9s de l&#039;experi\u00e8ncia, el coneixement del negoci i la formaci\u00f3 cont\u00ednua. El conjunt d\u2019aquets factors ens permeten proporcionar un servei global immillorable.\" \/>\n<meta property=\"og:url\" content=\"https:\/\/grigoryan.cat\/es\/avis-legal\/\" \/>\n<meta property=\"og:site_name\" content=\"R.GRIGORYAN\" \/>\n<meta name=\"twitter:card\" content=\"summary_large_image\" \/>\n<meta name=\"twitter:label1\" content=\"Tiempo de lectura\" \/>\n\t<meta name=\"twitter:data1\" content=\"9 minutos\" \/>\n<script type=\"application\/ld+json\" class=\"yoast-schema-graph\">{\"@context\":\"https:\/\/schema.org\",\"@graph\":[{\"@type\":\"WebPage\",\"@id\":\"https:\/\/grigoryan.cat\/es\/avis-legal\/\",\"url\":\"https:\/\/grigoryan.cat\/es\/avis-legal\/\",\"name\":\"AV\u00cdS LEGAL - R.GRIGORYAN\",\"isPartOf\":{\"@id\":\"https:\/\/grigoryan.cat\/es\/#website\"},\"datePublished\":\"2018-03-13T17:58:37+00:00\",\"dateModified\":\"2018-03-13T17:58:37+00:00\",\"description\":\"Consultor\u00eda, Fiscal, Laboral, Contable, Mercantil y Seguros. Assessoria la Selva posa a la seva disposici\u00f3 un servei integral d\u2019assessorament, amb la garantia que la seva empresa es trobar\u00e0 protegida en qualsevol \u00e0mbit tributari, fiscal, comptable, laboral, etc. Ens caracteritzem per oferir una atenci\u00f3 personalitzada i adaptada a les noves tecnologies, oferint un servei individualitzat, exemplar a m\u00e9s a m\u00e9s de l'experi\u00e8ncia, el coneixement del negoci i la formaci\u00f3 cont\u00ednua. El conjunt d\u2019aquets factors ens permeten proporcionar un servei global immillorable.\",\"breadcrumb\":{\"@id\":\"https:\/\/grigoryan.cat\/es\/avis-legal\/#breadcrumb\"},\"inLanguage\":\"es\",\"potentialAction\":[{\"@type\":\"ReadAction\",\"target\":[\"https:\/\/grigoryan.cat\/es\/avis-legal\/\"]}]},{\"@type\":\"BreadcrumbList\",\"@id\":\"https:\/\/grigoryan.cat\/es\/avis-legal\/#breadcrumb\",\"itemListElement\":[{\"@type\":\"ListItem\",\"position\":1,\"name\":\"Inici\",\"item\":\"https:\/\/grigoryan.cat\/es\/\"},{\"@type\":\"ListItem\",\"position\":2,\"name\":\"AV\u00cdS LEGAL\"}]},{\"@type\":\"WebSite\",\"@id\":\"https:\/\/grigoryan.cat\/es\/#website\",\"url\":\"https:\/\/grigoryan.cat\/es\/\",\"name\":\"R.GRIGORYAN\",\"description\":\"Consultor\u00eda, Fiscal, Laboral, Contable, Mercantil y Seguros\",\"potentialAction\":[{\"@type\":\"SearchAction\",\"target\":{\"@type\":\"EntryPoint\",\"urlTemplate\":\"https:\/\/grigoryan.cat\/es\/?s={search_term_string}\"},\"query-input\":\"required name=search_term_string\"}],\"inLanguage\":\"es\"}]}<\/script>\n<!-- \/ Yoast SEO plugin. -->","yoast_head_json":{"title":"AV\u00cdS LEGAL - R.GRIGORYAN","description":"Consultor\u00eda, Fiscal, Laboral, Contable, Mercantil y Seguros. Assessoria la Selva posa a la seva disposici\u00f3 un servei integral d\u2019assessorament, amb la garantia que la seva empresa es trobar\u00e0 protegida en qualsevol \u00e0mbit tributari, fiscal, comptable, laboral, etc. Ens caracteritzem per oferir una atenci\u00f3 personalitzada i adaptada a les noves tecnologies, oferint un servei individualitzat, exemplar a m\u00e9s a m\u00e9s de l'experi\u00e8ncia, el coneixement del negoci i la formaci\u00f3 cont\u00ednua. El conjunt d\u2019aquets factors ens permeten proporcionar un servei global immillorable.","robots":{"index":"index","follow":"follow","max-snippet":"max-snippet:-1","max-image-preview":"max-image-preview:large","max-video-preview":"max-video-preview:-1"},"canonical":"https:\/\/grigoryan.cat\/es\/avis-legal\/","og_locale":"es_ES","og_type":"article","og_title":"AV\u00cdS LEGAL - R.GRIGORYAN","og_description":"Consultor\u00eda, Fiscal, Laboral, Contable, Mercantil y Seguros. Assessoria la Selva posa a la seva disposici\u00f3 un servei integral d\u2019assessorament, amb la garantia que la seva empresa es trobar\u00e0 protegida en qualsevol \u00e0mbit tributari, fiscal, comptable, laboral, etc. Ens caracteritzem per oferir una atenci\u00f3 personalitzada i adaptada a les noves tecnologies, oferint un servei individualitzat, exemplar a m\u00e9s a m\u00e9s de l'experi\u00e8ncia, el coneixement del negoci i la formaci\u00f3 cont\u00ednua. El conjunt d\u2019aquets factors ens permeten proporcionar un servei global immillorable.","og_url":"https:\/\/grigoryan.cat\/es\/avis-legal\/","og_site_name":"R.GRIGORYAN","twitter_card":"summary_large_image","twitter_misc":{"Tiempo de lectura":"9 minutos"},"schema":{"@context":"https:\/\/schema.org","@graph":[{"@type":"WebPage","@id":"https:\/\/grigoryan.cat\/es\/avis-legal\/","url":"https:\/\/grigoryan.cat\/es\/avis-legal\/","name":"AV\u00cdS LEGAL - R.GRIGORYAN","isPartOf":{"@id":"https:\/\/grigoryan.cat\/es\/#website"},"datePublished":"2018-03-13T17:58:37+00:00","dateModified":"2018-03-13T17:58:37+00:00","description":"Consultor\u00eda, Fiscal, Laboral, Contable, Mercantil y Seguros. Assessoria la Selva posa a la seva disposici\u00f3 un servei integral d\u2019assessorament, amb la garantia que la seva empresa es trobar\u00e0 protegida en qualsevol \u00e0mbit tributari, fiscal, comptable, laboral, etc. Ens caracteritzem per oferir una atenci\u00f3 personalitzada i adaptada a les noves tecnologies, oferint un servei individualitzat, exemplar a m\u00e9s a m\u00e9s de l'experi\u00e8ncia, el coneixement del negoci i la formaci\u00f3 cont\u00ednua. El conjunt d\u2019aquets factors ens permeten proporcionar un servei global immillorable.","breadcrumb":{"@id":"https:\/\/grigoryan.cat\/es\/avis-legal\/#breadcrumb"},"inLanguage":"es","potentialAction":[{"@type":"ReadAction","target":["https:\/\/grigoryan.cat\/es\/avis-legal\/"]}]},{"@type":"BreadcrumbList","@id":"https:\/\/grigoryan.cat\/es\/avis-legal\/#breadcrumb","itemListElement":[{"@type":"ListItem","position":1,"name":"Inici","item":"https:\/\/grigoryan.cat\/es\/"},{"@type":"ListItem","position":2,"name":"AV\u00cdS LEGAL"}]},{"@type":"WebSite","@id":"https:\/\/grigoryan.cat\/es\/#website","url":"https:\/\/grigoryan.cat\/es\/","name":"R.GRIGORYAN","description":"Consultor\u00eda, Fiscal, Laboral, Contable, Mercantil y Seguros","potentialAction":[{"@type":"SearchAction","target":{"@type":"EntryPoint","urlTemplate":"https:\/\/grigoryan.cat\/es\/?s={search_term_string}"},"query-input":"required name=search_term_string"}],"inLanguage":"es"}]}},"_links":{"self":[{"href":"https:\/\/grigoryan.cat\/es\/wp-json\/wp\/v2\/pages\/1833","targetHints":{"allow":["GET"]}}],"collection":[{"href":"https:\/\/grigoryan.cat\/es\/wp-json\/wp\/v2\/pages"}],"about":[{"href":"https:\/\/grigoryan.cat\/es\/wp-json\/wp\/v2\/types\/page"}],"author":[{"embeddable":true,"href":"https:\/\/grigoryan.cat\/es\/wp-json\/wp\/v2\/users\/1"}],"replies":[{"embeddable":true,"href":"https:\/\/grigoryan.cat\/es\/wp-json\/wp\/v2\/comments?post=1833"}],"version-history":[{"count":0,"href":"https:\/\/grigoryan.cat\/es\/wp-json\/wp\/v2\/pages\/1833\/revisions"}],"wp:attachment":[{"href":"https:\/\/grigoryan.cat\/es\/wp-json\/wp\/v2\/media?parent=1833"}],"curies":[{"name":"wp","href":"https:\/\/api.w.org\/{rel}","templated":true}]}}